{"id":327,"date":"2016-01-15T10:41:50","date_gmt":"2016-01-15T09:41:50","guid":{"rendered":"http:\/\/pracowniareklamy.eu\/?page_id=327"},"modified":"2016-01-15T10:43:00","modified_gmt":"2016-01-15T09:43:00","slug":"reklama-wewnetrzna","status":"publish","type":"page","link":"https:\/\/pracowniareklamy.eu\/?page_id=327","title":{"rendered":"Reklama wewn\u0119trzna"},"content":{"rendered":"<div   class=\"   vc_row wpb_row vc_row-fluid    \"  style=\"\"  data-token=\"IwjRS\"><div class=\"wpb_column vc_column_container vc_col-sm-12\"><div class=\"wpb_wrapper\"><div class=\"wpb_revslider_element wpb_content_element\"><link href=&#039;https:\/\/fonts.googleapis.com\/css?family=PT+Sans+Narrow:400,700&#039; rel=&#039;stylesheet&#039; type=&#039;text\/css&#039;>\n<div id=\"rev_slider_4_1_wrapper\" class=\"rev_slider_wrapper fullwidthbanner-container\" style=\"margin:0px auto;background-color:transparent;padding:0px;margin-top:0px;margin-bottom:0px;\">\n<!-- START REVOLUTION SLIDER 5.0.4.1 auto mode -->\n\t<div id=\"rev_slider_4_1\" class=\"rev_slider fullwidthabanner\" style=\"display:none;\" data-version=\"5.0.4.1\">\n<ul>\t<!-- SLIDE  -->\n\t<li data-index=\"rs-27\" data-transition=\"fade\" data-slotamount=\"default\"  data-easein=\"default\" data-easeout=\"default\" data-masterspeed=\"default\"  data-thumb=\"https:\/\/pracowniareklamy.eu\/wp-content\/uploads\/2016\/01\/12-1-100x50.jpg\"  data-delay=\"2500\"  data-rotate=\"0\"  data-saveperformance=\"off\"  data-title=\"Slide\" data-description=\"\">\n\t\t<!-- MAIN IMAGE -->\n\t\t<img src=\"https:\/\/pracowniareklamy.eu\/wp-content\/plugins\/revslider\/admin\/assets\/images\/dummy.png\"  alt=\"\"  width=\"927\" height=\"293\" data-lazyload=\"https:\/\/pracowniareklamy.eu\/wp-content\/uploads\/2016\/01\/12-1.jpg\" data-bgposition=\"center center\" data-bgfit=\"cover\" data-bgrepeat=\"no-repeat\" data-bgparallax=\"off\" class=\"rev-slidebg\" data-no-retina>\n\t\t<!-- LAYERS -->\n\t<\/li>\n\t<!-- SLIDE  -->\n\t<li data-index=\"rs-29\" data-transition=\"fade\" data-slotamount=\"default\"  data-easein=\"default\" data-easeout=\"default\" data-masterspeed=\"default\"  data-thumb=\"https:\/\/pracowniareklamy.eu\/wp-content\/uploads\/2016\/01\/2F-1-100x50.jpg\"  data-delay=\"2500\"  data-rotate=\"0\"  data-saveperformance=\"off\"  data-title=\"Slide\" data-description=\"\">\n\t\t<!-- MAIN IMAGE -->\n\t\t<img src=\"https:\/\/pracowniareklamy.eu\/wp-content\/plugins\/revslider\/admin\/assets\/images\/dummy.png\"  alt=\"\"  width=\"1920\" height=\"602\" data-lazyload=\"https:\/\/pracowniareklamy.eu\/wp-content\/uploads\/2016\/01\/2F-1.jpg\" data-bgposition=\"center center\" data-bgfit=\"cover\" data-bgrepeat=\"no-repeat\" data-bgparallax=\"off\" class=\"rev-slidebg\" data-no-retina>\n\t\t<!-- LAYERS -->\n\t<\/li>\n\t<!-- SLIDE  -->\n\t<li data-index=\"rs-33\" data-transition=\"random\" data-slotamount=\"7\"  data-easein=\"default\" data-easeout=\"default\" data-thumb=\"https:\/\/pracowniareklamy.eu\/wp-content\/uploads\/2026\/04\/baner-100x50.png\"  data-rotate=\"0\"  data-saveperformance=\"off\"  data-title=\"Slide\" data-description=\"\">\n\t\t<!-- MAIN IMAGE -->\n\t\t<img src=\"https:\/\/pracowniareklamy.eu\/wp-content\/plugins\/revslider\/admin\/assets\/images\/dummy.png\"  alt=\"\"  width=\"1855\" height=\"584\" data-lazyload=\"https:\/\/pracowniareklamy.eu\/wp-content\/uploads\/2026\/04\/baner.png\" data-bgposition=\"center center\" data-bgfit=\"cover\" data-bgrepeat=\"no-repeat\" data-bgparallax=\"off\" class=\"rev-slidebg\" data-no-retina>\n\t\t<!-- LAYERS -->\n\t<\/li>\n\t<!-- SLIDE  -->\n\t<li data-index=\"rs-31\" data-transition=\"fade\" data-slotamount=\"default\"  data-easein=\"default\" data-easeout=\"default\" data-masterspeed=\"default\"  data-thumb=\"https:\/\/pracowniareklamy.eu\/wp-content\/uploads\/2016\/01\/2B-1-100x50.jpg\"  data-delay=\"2490\"  data-rotate=\"0\"  data-saveperformance=\"off\"  data-title=\"Slide\" data-description=\"\">\n\t\t<!-- MAIN IMAGE -->\n\t\t<img src=\"https:\/\/pracowniareklamy.eu\/wp-content\/plugins\/revslider\/admin\/assets\/images\/dummy.png\"  alt=\"\"  width=\"1920\" height=\"602\" data-lazyload=\"https:\/\/pracowniareklamy.eu\/wp-content\/uploads\/2016\/01\/2B-1.jpg\" data-bgposition=\"center center\" data-bgfit=\"cover\" data-bgrepeat=\"no-repeat\" data-bgparallax=\"off\" class=\"rev-slidebg\" data-no-retina>\n\t\t<!-- LAYERS -->\n\t<\/li>\n\t<!-- SLIDE  -->\n\t<li data-index=\"rs-38\" data-transition=\"random\" data-slotamount=\"7\"  data-easein=\"default\" data-easeout=\"default\" data-thumb=\"https:\/\/pracowniareklamy.eu\/wp-content\/uploads\/2026\/04\/baner-2-100x50.png\"  data-delay=\"2500\"  data-rotate=\"0\"  data-saveperformance=\"off\"  data-title=\"Slide\" data-description=\"\">\n\t\t<!-- MAIN IMAGE -->\n\t\t<img src=\"https:\/\/pracowniareklamy.eu\/wp-content\/plugins\/revslider\/admin\/assets\/images\/dummy.png\"  alt=\"\"  width=\"1855\" height=\"584\" data-lazyload=\"https:\/\/pracowniareklamy.eu\/wp-content\/uploads\/2026\/04\/baner-2.png\" data-bgposition=\"center center\" data-bgfit=\"cover\" data-bgrepeat=\"no-repeat\" data-bgparallax=\"off\" class=\"rev-slidebg\" data-no-retina>\n\t\t<!-- LAYERS -->\n\t<\/li>\n\t<!-- SLIDE  -->\n\t<li data-index=\"rs-32\" data-transition=\"fade\" data-slotamount=\"default\"  data-easein=\"default\" data-easeout=\"default\" data-masterspeed=\"default\"  data-thumb=\"https:\/\/pracowniareklamy.eu\/wp-content\/uploads\/2016\/01\/2A-1-100x50.jpg\"  data-delay=\"2500\"  data-rotate=\"0\"  data-saveperformance=\"off\"  data-title=\"Slide\" data-description=\"\">\n\t\t<!-- MAIN IMAGE -->\n\t\t<img src=\"https:\/\/pracowniareklamy.eu\/wp-content\/plugins\/revslider\/admin\/assets\/images\/dummy.png\"  alt=\"\"  width=\"1920\" height=\"602\" data-lazyload=\"https:\/\/pracowniareklamy.eu\/wp-content\/uploads\/2016\/01\/2A-1.jpg\" data-bgposition=\"center center\" data-bgfit=\"cover\" data-bgrepeat=\"no-repeat\" data-bgparallax=\"off\" class=\"rev-slidebg\" data-no-retina>\n\t\t<!-- LAYERS -->\n\t<\/li>\n<\/ul>\n<div class=\"tp-static-layers\">\n<\/div>\n<div class=\"tp-bannertimer\" style=\"height: 5px; background-color: rgba(0, 0, 0, 0.15);\"><\/div>\t<\/div>\n<script>document.write(\"<style type=\\\"text\/css\\\"><\/style>\");<\/script>\n\t\t<script type=\"text\/javascript\">\r\n\r\n\t\t\t\/******************************************\r\n\t\t\t\t-\tPREPARE PLACEHOLDER FOR SLIDER\t-\r\n\t\t\t******************************************\/\r\n\r\n\t\t\tvar setREVStartSize=function(){\r\n\t\t\t\ttry{var e=new Object,i=jQuery(window).width(),t=9999,r=0,n=0,l=0,f=0,s=0,h=0;\r\n\t\t\t\t\te.c = jQuery('#rev_slider_4_1');\r\n\t\t\t\t\te.responsiveLevels = [1240,1024,1024,480];\r\n\t\t\t\t\te.gridwidth = [1920,1000,778,1920];\r\n\t\t\t\t\te.gridheight = [600,600,500,600];\r\n\t\t\t\t\t\t\t\r\n\t\t\t\t\te.sliderLayout = \"auto\";\r\n\t\t\t\t\te.minHeight = 10;\r\n\t\t\t\t\tif(e.responsiveLevels&&(jQuery.each(e.responsiveLevels,function(e,f){f>i&&(t=r=f,l=e),i>f&&f>r&&(r=f,n=e)}),t>r&&(l=n)),f=e.gridheight[l]||e.gridheight[0]||e.gridheight,s=e.gridwidth[l]||e.gridwidth[0]||e.gridwidth,h=i\/s,h=h>1?1:h,f=Math.round(h*f),\"fullscreen\"==e.sliderLayout){var u=(e.c.width(),jQuery(window).height());if(void 0!=e.fullScreenOffsetContainer){var c=e.fullScreenOffsetContainer.split(\",\");jQuery.each(c,function(e,i){u=jQuery(i).length>0?u-jQuery(i).outerHeight(!0):u}),e.fullScreenOffset.split(\"%\").length>1&&void 0!=e.fullScreenOffset&&e.fullScreenOffset.length>0?u-=jQuery(window).height()*parseInt(e.fullScreenOffset,0)\/100:void 0!=e.fullScreenOffset&&e.fullScreenOffset.length>0&&(u-=parseInt(e.fullScreenOffset,0))}f=u}else void 0!=e.minHeight&&f<e.minHeight&&(f=e.minHeight);e.c.closest(\".rev_slider_wrapper\").css({height:f})\r\n\t\t\t\t}catch(d){console.log(\"Failure at Presize of Slider:\"+d)}\r\n\t\t\t};\r\n\t\t\t\t\t\t\r\n\t\t\t\t\r\n\t\t\tsetREVStartSize();\r\n\t\t\t\r\n\t\t\tvar tpj=jQuery;\r\n\t\t\t\r\n\t\t\tvar revapi4;\r\n\t\t\ttpj(document).ready(function() {\n\t\t\t\tif(tpj(\"#rev_slider_4_1\").revolution == undefined){\n\t\t\t\t\trevslider_showDoubleJqueryError(\"#rev_slider_4_1\");\n\t\t\t\t}else{\n\t\t\t\t\trevapi4 = tpj(\"#rev_slider_4_1\").show().revolution({\n\t\t\t\t\t\tsliderType:\"standard\",\n\t\t\t\t\t\tjsFileLocation:\"https:\/\/pracowniareklamy.eu\/wp-content\/plugins\/revslider\/public\/assets\/js\/\",\n\t\t\t\t\t\tsliderLayout:\"auto\",\n\t\t\t\t\t\tdottedOverlay:\"none\",\n\t\t\t\t\t\tdelay:9000,\n\t\t\t\t\t\tnavigation: {\n\t\t\t\t\t\t\tkeyboardNavigation:\"off\",\n\t\t\t\t\t\t\tkeyboard_direction: \"horizontal\",\n\t\t\t\t\t\t\tmouseScrollNavigation:\"off\",\n\t\t\t\t\t\t\tonHoverStop:\"on\",\n\t\t\t\t\t\t\ttouch:{\n\t\t\t\t\t\t\t\ttouchenabled:\"on\",\n\t\t\t\t\t\t\t\tswipe_threshold: 75,\n\t\t\t\t\t\t\t\tswipe_min_touches: 50,\n\t\t\t\t\t\t\t\tswipe_direction: \"horizontal\",\n\t\t\t\t\t\t\t\tdrag_block_vertical: false\n\t\t\t\t\t\t\t}\n\t\t\t\t\t\t\t,\n\t\t\t\t\t\t\tarrows: {\n\t\t\t\t\t\t\t\tstyle:\"hesperiden\",\n\t\t\t\t\t\t\t\tenable:true,\n\t\t\t\t\t\t\t\thide_onmobile:true,\n\t\t\t\t\t\t\t\thide_under:600,\n\t\t\t\t\t\t\t\thide_onleave:true,\n\t\t\t\t\t\t\t\thide_delay:200,\n\t\t\t\t\t\t\t\thide_delay_mobile:1200,\n\t\t\t\t\t\t\t\ttmp:'',\n\t\t\t\t\t\t\t\tleft: {\n\t\t\t\t\t\t\t\t\th_align:\"left\",\n\t\t\t\t\t\t\t\t\tv_align:\"center\",\n\t\t\t\t\t\t\t\t\th_offset:30,\n\t\t\t\t\t\t\t\t\tv_offset:0\n\t\t\t\t\t\t\t\t},\n\t\t\t\t\t\t\t\tright: {\n\t\t\t\t\t\t\t\t\th_align:\"right\",\n\t\t\t\t\t\t\t\t\tv_align:\"center\",\n\t\t\t\t\t\t\t\t\th_offset:30,\n\t\t\t\t\t\t\t\t\tv_offset:0\n\t\t\t\t\t\t\t\t}\n\t\t\t\t\t\t\t}\n\t\t\t\t\t\t\t,\n\t\t\t\t\t\t\tbullets: {\n\t\t\t\t\t\t\t\tenable:true,\n\t\t\t\t\t\t\t\thide_onmobile:true,\n\t\t\t\t\t\t\t\thide_under:600,\n\t\t\t\t\t\t\t\tstyle:\"hephaistos\",\n\t\t\t\t\t\t\t\thide_onleave:true,\n\t\t\t\t\t\t\t\thide_delay:200,\n\t\t\t\t\t\t\t\thide_delay_mobile:1200,\n\t\t\t\t\t\t\t\tdirection:\"horizontal\",\n\t\t\t\t\t\t\t\th_align:\"center\",\n\t\t\t\t\t\t\t\tv_align:\"bottom\",\n\t\t\t\t\t\t\t\th_offset:0,\n\t\t\t\t\t\t\t\tv_offset:30,\n\t\t\t\t\t\t\t\tspace:5,\n\t\t\t\t\t\t\t\ttmp:''\n\t\t\t\t\t\t\t}\n\t\t\t\t\t\t},\n\t\t\t\t\t\tresponsiveLevels:[1240,1024,1024,480],\n\t\t\t\t\t\tgridwidth:[1920,1000,778,1920],\n\t\t\t\t\t\tgridheight:[600,600,500,600],\n\t\t\t\t\t\tlazyType:\"smart\",\n\t\t\t\t\t\tminHeight:10,\n\t\t\t\t\t\tparallax: {\n\t\t\t\t\t\t\ttype:\"mouse\",\n\t\t\t\t\t\t\torigo:\"slidercenter\",\n\t\t\t\t\t\t\tspeed:2000,\n\t\t\t\t\t\t\tlevels:[2,3,4,5,6,7,12,16,10,50],\n\t\t\t\t\t\t},\n\t\t\t\t\t\tshadow:0,\n\t\t\t\t\t\tspinner:\"off\",\n\t\t\t\t\t\tstopLoop:\"off\",\n\t\t\t\t\t\tstopAfterLoops:-1,\n\t\t\t\t\t\tstopAtSlide:-1,\n\t\t\t\t\t\tshuffle:\"off\",\n\t\t\t\t\t\tautoHeight:\"off\",\n\t\t\t\t\t\thideThumbsOnMobile:\"off\",\n\t\t\t\t\t\thideSliderAtLimit:0,\n\t\t\t\t\t\thideCaptionAtLimit:0,\n\t\t\t\t\t\thideAllCaptionAtLilmit:0,\n\t\t\t\t\t\tstartWithSlide:0,\n\t\t\t\t\t\tdebugMode:false,\n\t\t\t\t\t\tfallbacks: {\n\t\t\t\t\t\t\tsimplifyAll:\"off\",\n\t\t\t\t\t\t\tnextSlideOnWindowFocus:\"off\",\n\t\t\t\t\t\t\tdisableFocusListener:\"off\",\n\t\t\t\t\t\t}\n\t\t\t\t\t});\n\t\t\t\t}\n\t\t\t});\t\/*ready*\/\n\t\t<\/script>\r\n\t\t\t\t\t\t<script>document.write(\"<style type=\\\"text\/css\\\">.hesperiden.tparrows{cursor:pointer;background:#000;background:rgba(0,0,0,0.5);width:40px;height:40px;position:absolute;display:block;z-index:100;  border-radius:50%}.hesperiden.tparrows:hover{background:#000}.hesperiden.tparrows:before{font-family:\\\"revicons\\\";font-size:20px;color:#fff;display:block;line-height:40px;text-align:center}.hesperiden.tparrows.tp-leftarrow:before{content:\\\"\\\\e82c\\\";  margin-left:-3px}.hesperiden.tparrows.tp-rightarrow:before{content:\\\"\\\\e82d\\\";  margin-right:-3px}.hephaistos.tp-bullets{}.hephaistos.tp-bullets:before{content:\\\" \\\";position:absolute;width:100%;height:100%;background:transparent;padding:10px;margin-left:-10px;margin-top:-10px;box-sizing:content-box}.hephaistos .tp-bullet{width:12px;height:12px;position:absolute;background:#999;border:3px solid #f5f5f5;border-radius:50%;cursor:pointer;box-sizing:content-box; box-shadow:0px 0px 2px 1px rgba(130,130,130,0.3)}.hephaistos .tp-bullet:hover,.hephaistos .tp-bullet.selected{background:#fff;  border-color:#000}.hephaistos .tp-bullet-image{}.hephaistos .tp-bullet-title{}<\/style>\");<\/script>\r\n\t\t\t\t<\/div><!-- END REVOLUTION SLIDER --><\/div>\n<div class=\"vc_separator wpb_content_element vc_separator_align_center vc_sep_width_100 vc_sep_border_width_2 vc_sep_pos_align_center vc_separator_no_text vc_sep_color_grey\"><span\n\t\tclass=\"vc_sep_holder vc_sep_holder_l\"><span\t\t\tclass=\"vc_sep_line\"><\/span><\/span><span\n\t\tclass=\"vc_sep_holder vc_sep_holder_r\"><span class=\"vc_sep_line\"><\/span><\/span>\n\t<\/div>\n\n\t<div class=\"wpb_text_column wpb_content_element \">\n\t\t<div class=\"wpb_wrapper\">\n\t\t\t<h3 style=\"padding-left: 30px;\">Proponujemy pa\u0144stwu poza tradycyjnymi formami reklamy wewn\u0119trznej, jak <strong>szyldy<\/strong>, <strong>tabliczki<\/strong>, <strong>oznakowania wewn\u0119trzne firm<\/strong>, tak\u017ce profesjonalne \u2013 r\u00f3\u017cnego rodzaju: <strong>systemy wystawiennicze<\/strong>, <strong>postery wielkoformatowe<\/strong>, <strong>fototapety<\/strong> czy inne elementy aran\u017cacji wn\u0119trz czy witryn za pomoc\u0105 grafiki wielkoformatowej. <strong>Banery, stojaki, \u015bcianki wystawiennicze, trybunki<\/strong> to akcesoria kt\u00f3re chcemy Pa\u0144stwu zaproponowa\u0107 w celu prezentacji Was lub Waszego klienta na targach, konferencjach, prelekcjach, spotkaniach czy akcjach promocyjnych. Wsz\u0119dzie tam gdzie liczy si\u0119 presti\u017c, wysoka jako\u015b\u0107 &#8211; tam gdzie inni widz\u0105 Was z bliska \u2013 ten typ reklamy pomo\u017ce w stworzeniu dobrego wizerunku Pa\u0144stwa firmy.<\/h3>\n\n\t\t<\/div> \n\t<\/div> <\/div><\/div><\/div><div   class=\"   vc_row wpb_row vc_row-fluid    \"  style=\"\"  data-token=\"Odp5Y\"><div class=\"wpb_column vc_column_container vc_col-sm-4\"><div class=\"wpb_wrapper\">\n\t<div class=\"wpb_text_column wpb_content_element \">\n\t\t<div class=\"wpb_wrapper\">\n\t\t\t<h3 style=\"padding-left: 30px;\"><strong>x-banner (tzw. paj\u0105czek)<\/strong><\/h3>\n<h3 style=\"padding-left: 30px;\">Stanowi jeden z najprostszych, a tym samym najpopularniejszych system\u00f3w wystawienniczych. Tworz\u0105 go: aluminiowy, sk\u0142adany stojak, kt\u00f3ry u\u0142atwia szybki i wygodny transport, w przeznaczonej do niego torbie, oraz winylowy banner z zadrukiem, umo\u017cliwiaj\u0105cy eleganck\u0105 i atrakcyjn\u0105 reklam\u0119. Czas monta\u017cu tylko 5 min.<\/h3>\n\n\t\t<\/div> \n\t<\/div> <\/div><\/div><div class=\"wpb_column vc_column_container vc_col-sm-4\"><div class=\"wpb_wrapper\">\n\t<div class=\"wpb_text_column wpb_content_element \">\n\t\t<div class=\"wpb_wrapper\">\n\t\t\t<p style=\"padding-left: 30px;\"><strong>Roll &#8211; up<\/strong><\/p>\n<h3 style=\"padding-left: 30px;\">Reprezentuje uniwersalny system wystawienniczy, kt\u00f3rego istotn\u0105 cech\u0105 jest szybki i \u0142atwy spos\u00f3b ekspozycji, gwarantuj\u0105cy jednocze\u015bnie wysoki poziom estetyki reklamy. Integraln\u0105 cz\u0119\u015b\u0107 konstrukcji stanowi kaseta, do kt\u00f3rej roluje si\u0119 zadrukowany banner, wysuwany i stabilizowany na odpowiednim maszcie, podczas wystawy.<\/h3>\n\n\t\t<\/div> \n\t<\/div> <\/div><\/div><div class=\"wpb_column vc_column_container vc_col-sm-4\"><div class=\"wpb_wrapper\">\n\t<div class=\"wpb_text_column wpb_content_element \">\n\t\t<div class=\"wpb_wrapper\">\n\t\t\t<h3 style=\"padding-left: 30px;\"><strong>\u015acianka wystawiennicza<br \/>\n<\/strong><\/h3>\n<h3 style=\"padding-left: 30px;\">System ten okre\u015bla kilku &#8211; cz\u0119\u015bciowa konstrukcja, s\u0142u\u017c\u0105ca do ekspozycji reklamy du\u017cych rozmiar\u00f3w lub kilku mniejszych. Powstaje poprzez oklejenie foli\u0105 samoprzylepn\u0105 dostosowanej do tego cz\u0119\u015bci stela\u017ca, b\u0105d\u017a zainstalowaniem specjalnego materia\u0142u, opatrzonego dowoln\u0105 grafik\u0105. Wszystkie elementy \u015bcianki, \u0142\u0105cznie z grafik\u0105 mieszcz\u0105 si\u0119 w jednym kufrze transportowym, kt\u00f3ry pe\u0142ni rol\u0119 trybunki konferencyjnej.<\/h3>\n\n\t\t<\/div> \n\t<\/div> <\/div><\/div><\/div>\n","protected":false},"excerpt":{"rendered":"document.write(\"\"); \/****************************************** - PREPARE PLACEHOLDER FOR SLIDER - ******************************************\/ var setREVStartSize=function(){ try{var e=new Object,i=jQuery(window).width(),t=9999,r=0,n=0,l=0,f=0,s=0,h=0; e.c = jQuery('#rev_slider_4_2'); e.responsiveLevels = [1240,1024,1024,480]; e.gridwidth = [1920,1000,778,1920]; e.gridheight =...<p class=\"readmore\"><a class=\"more-btn\" href=\"https:\/\/pracowniareklamy.eu\/?page_id=327\">Read More<\/a><\/p>","protected":false},"author":1,"featured_media":0,"parent":0,"menu_order":0,"comment_status":"closed","ping_status":"closed","template":"template-homepage.php","meta":[],"_links":{"self":[{"href":"https:\/\/pracowniareklamy.eu\/index.php?rest_route=\/wp\/v2\/pages\/327"}],"collection":[{"href":"https:\/\/pracowniareklamy.eu\/index.php?rest_route=\/wp\/v2\/pages"}],"about":[{"href":"https:\/\/pracowniareklamy.eu\/index.php?rest_route=\/wp\/v2\/types\/page"}],"author":[{"embeddable":true,"href":"https:\/\/pracowniareklamy.eu\/index.php?rest_route=\/wp\/v2\/users\/1"}],"replies":[{"embeddable":true,"href":"https:\/\/pracowniareklamy.eu\/index.php?rest_route=%2Fwp%2Fv2%2Fcomments&post=327"}],"version-history":[{"count":2,"href":"https:\/\/pracowniareklamy.eu\/index.php?rest_route=\/wp\/v2\/pages\/327\/revisions"}],"predecessor-version":[{"id":330,"href":"https:\/\/pracowniareklamy.eu\/index.php?rest_route=\/wp\/v2\/pages\/327\/revisions\/330"}],"wp:attachment":[{"href":"https:\/\/pracowniareklamy.eu\/index.php?rest_route=%2Fwp%2Fv2%2Fmedia&parent=327"}],"curies":[{"name":"wp","href":"https:\/\/api.w.org\/{rel}","templated":true}]}}